{"id":1873,"date":"2023-05-22T13:32:22","date_gmt":"2023-05-22T11:32:22","guid":{"rendered":"https:\/\/mis.saturn.lws-servers.be\/?post_type=product&#038;p=1873"},"modified":"2023-12-04T11:38:19","modified_gmt":"2023-12-04T10:38:19","slug":"cvsa2","status":"publish","type":"product","link":"https:\/\/www.monroeridesolutions.com\/es\/products\/cvsa2\/","title":{"rendered":"CVSA2"},"content":{"rendered":"<p>La \u00faltima generaci\u00f3n de nuestra tecnolog\u00eda ligera y semiactiva de 2 v\u00e1lvulas que mejora el rendimiento de supercoches y SUV.<\/p>\n","protected":false},"featured_media":216,"template":"","meta":{"_acf_changed":false,"inline_featured_image":false},"class_list":["post-1873","product","type-product","status-publish","has-post-thumbnail","hentry","solution-damping-solutions-es"],"acf":[],"yoast_head":"<!-- This site is optimized with the Yoast SEO plugin v27.3 - https:\/\/yoast.com\/product\/yoast-seo-wordpress\/ -->\n<title>CVSA2 - Monroe Ride Solutions<\/title>\n<meta name=\"robots\" content=\"index, follow, max-snippet:-1, max-image-preview:large, max-video-preview:-1\" \/>\n<link rel=\"canonical\" href=\"https:\/\/www.monroeridesolutions.com\/es\/products\/cvsa2\/\" \/>\n<meta property=\"og:locale\" content=\"es_ES\" \/>\n<meta property=\"og:type\" content=\"article\" \/>\n<meta property=\"og:title\" content=\"CVSA2 - Monroe Ride Solutions\" \/>\n<meta property=\"og:description\" content=\"La \u00faltima generaci\u00f3n de nuestra tecnolog\u00eda ligera y semiactiva de 2 v\u00e1lvulas que mejora el rendimiento de supercoches y SUV.\" \/>\n<meta property=\"og:url\" content=\"https:\/\/www.monroeridesolutions.com\/es\/products\/cvsa2\/\" \/>\n<meta property=\"og:site_name\" content=\"Monroe Ride Solutions\" \/>\n<meta property=\"article:modified_time\" content=\"2023-12-04T10:38:19+00:00\" \/>\n<meta property=\"og:image\" content=\"https:\/\/www.monroeridesolutions.com\/wp-content\/uploads\/2023\/05\/mis-product-cvsa2.jpg\" \/>\n\t<meta property=\"og:image:width\" content=\"541\" \/>\n\t<meta property=\"og:image:height\" content=\"470\" \/>\n\t<meta property=\"og:image:type\" content=\"image\/jpeg\" \/>\n<meta name=\"twitter:card\" content=\"summary_large_image\" \/>\n<meta name=\"twitter:label1\" content=\"Tiempo de lectura\" \/>\n\t<meta name=\"twitter:data1\" content=\"1 minuto\" \/>\n<script type=\"application\/ld+json\" class=\"yoast-schema-graph\">{\"@context\":\"https:\\\/\\\/schema.org\",\"@graph\":[{\"@type\":\"WebPage\",\"@id\":\"https:\\\/\\\/www.monroeridesolutions.com\\\/es\\\/products\\\/cvsa2\\\/\",\"url\":\"https:\\\/\\\/www.monroeridesolutions.com\\\/es\\\/products\\\/cvsa2\\\/\",\"name\":\"CVSA2 - Monroe Ride Solutions\",\"isPartOf\":{\"@id\":\"https:\\\/\\\/www.monroeridesolutions.com\\\/es\\\/#website\"},\"primaryImageOfPage\":{\"@id\":\"https:\\\/\\\/www.monroeridesolutions.com\\\/es\\\/products\\\/cvsa2\\\/#primaryimage\"},\"image\":{\"@id\":\"https:\\\/\\\/www.monroeridesolutions.com\\\/es\\\/products\\\/cvsa2\\\/#primaryimage\"},\"thumbnailUrl\":\"https:\\\/\\\/www.monroeridesolutions.com\\\/wp-content\\\/uploads\\\/2023\\\/05\\\/mis-product-cvsa2.jpg\",\"datePublished\":\"2023-05-22T11:32:22+00:00\",\"dateModified\":\"2023-12-04T10:38:19+00:00\",\"breadcrumb\":{\"@id\":\"https:\\\/\\\/www.monroeridesolutions.com\\\/es\\\/products\\\/cvsa2\\\/#breadcrumb\"},\"inLanguage\":\"es\",\"potentialAction\":[{\"@type\":\"ReadAction\",\"target\":[\"https:\\\/\\\/www.monroeridesolutions.com\\\/es\\\/products\\\/cvsa2\\\/\"]}]},{\"@type\":\"ImageObject\",\"inLanguage\":\"es\",\"@id\":\"https:\\\/\\\/www.monroeridesolutions.com\\\/es\\\/products\\\/cvsa2\\\/#primaryimage\",\"url\":\"https:\\\/\\\/www.monroeridesolutions.com\\\/wp-content\\\/uploads\\\/2023\\\/05\\\/mis-product-cvsa2.jpg\",\"contentUrl\":\"https:\\\/\\\/www.monroeridesolutions.com\\\/wp-content\\\/uploads\\\/2023\\\/05\\\/mis-product-cvsa2.jpg\",\"width\":541,\"height\":470},{\"@type\":\"BreadcrumbList\",\"@id\":\"https:\\\/\\\/www.monroeridesolutions.com\\\/es\\\/products\\\/cvsa2\\\/#breadcrumb\",\"itemListElement\":[{\"@type\":\"ListItem\",\"position\":1,\"name\":\"Home\",\"item\":\"https:\\\/\\\/www.monroeridesolutions.com\\\/es\\\/\"},{\"@type\":\"ListItem\",\"position\":2,\"name\":\"CVSA2\"}]},{\"@type\":\"WebSite\",\"@id\":\"https:\\\/\\\/www.monroeridesolutions.com\\\/es\\\/#website\",\"url\":\"https:\\\/\\\/www.monroeridesolutions.com\\\/es\\\/\",\"name\":\"Monroe Ride Solutions\",\"description\":\"Ready For The Road Ahead\",\"potentialAction\":[{\"@type\":\"SearchAction\",\"target\":{\"@type\":\"EntryPoint\",\"urlTemplate\":\"https:\\\/\\\/www.monroeridesolutions.com\\\/es\\\/?s={search_term_string}\"},\"query-input\":{\"@type\":\"PropertyValueSpecification\",\"valueRequired\":true,\"valueName\":\"search_term_string\"}}],\"inLanguage\":\"es\"}]}<\/script>\n<!-- \/ Yoast SEO plugin. -->","yoast_head_json":{"title":"CVSA2 - Monroe Ride Solutions","robots":{"index":"index","follow":"follow","max-snippet":"max-snippet:-1","max-image-preview":"max-image-preview:large","max-video-preview":"max-video-preview:-1"},"canonical":"https:\/\/www.monroeridesolutions.com\/es\/products\/cvsa2\/","og_locale":"es_ES","og_type":"article","og_title":"CVSA2 - Monroe Ride Solutions","og_description":"La \u00faltima generaci\u00f3n de nuestra tecnolog\u00eda ligera y semiactiva de 2 v\u00e1lvulas que mejora el rendimiento de supercoches y SUV.","og_url":"https:\/\/www.monroeridesolutions.com\/es\/products\/cvsa2\/","og_site_name":"Monroe Ride Solutions","article_modified_time":"2023-12-04T10:38:19+00:00","og_image":[{"width":541,"height":470,"url":"https:\/\/www.monroeridesolutions.com\/wp-content\/uploads\/2023\/05\/mis-product-cvsa2.jpg","type":"image\/jpeg"}],"twitter_card":"summary_large_image","twitter_misc":{"Tiempo de lectura":"1 minuto"},"schema":{"@context":"https:\/\/schema.org","@graph":[{"@type":"WebPage","@id":"https:\/\/www.monroeridesolutions.com\/es\/products\/cvsa2\/","url":"https:\/\/www.monroeridesolutions.com\/es\/products\/cvsa2\/","name":"CVSA2 - Monroe Ride Solutions","isPartOf":{"@id":"https:\/\/www.monroeridesolutions.com\/es\/#website"},"primaryImageOfPage":{"@id":"https:\/\/www.monroeridesolutions.com\/es\/products\/cvsa2\/#primaryimage"},"image":{"@id":"https:\/\/www.monroeridesolutions.com\/es\/products\/cvsa2\/#primaryimage"},"thumbnailUrl":"https:\/\/www.monroeridesolutions.com\/wp-content\/uploads\/2023\/05\/mis-product-cvsa2.jpg","datePublished":"2023-05-22T11:32:22+00:00","dateModified":"2023-12-04T10:38:19+00:00","breadcrumb":{"@id":"https:\/\/www.monroeridesolutions.com\/es\/products\/cvsa2\/#breadcrumb"},"inLanguage":"es","potentialAction":[{"@type":"ReadAction","target":["https:\/\/www.monroeridesolutions.com\/es\/products\/cvsa2\/"]}]},{"@type":"ImageObject","inLanguage":"es","@id":"https:\/\/www.monroeridesolutions.com\/es\/products\/cvsa2\/#primaryimage","url":"https:\/\/www.monroeridesolutions.com\/wp-content\/uploads\/2023\/05\/mis-product-cvsa2.jpg","contentUrl":"https:\/\/www.monroeridesolutions.com\/wp-content\/uploads\/2023\/05\/mis-product-cvsa2.jpg","width":541,"height":470},{"@type":"BreadcrumbList","@id":"https:\/\/www.monroeridesolutions.com\/es\/products\/cvsa2\/#breadcrumb","itemListElement":[{"@type":"ListItem","position":1,"name":"Home","item":"https:\/\/www.monroeridesolutions.com\/es\/"},{"@type":"ListItem","position":2,"name":"CVSA2"}]},{"@type":"WebSite","@id":"https:\/\/www.monroeridesolutions.com\/es\/#website","url":"https:\/\/www.monroeridesolutions.com\/es\/","name":"Monroe Ride Solutions","description":"Ready For The Road Ahead","potentialAction":[{"@type":"SearchAction","target":{"@type":"EntryPoint","urlTemplate":"https:\/\/www.monroeridesolutions.com\/es\/?s={search_term_string}"},"query-input":{"@type":"PropertyValueSpecification","valueRequired":true,"valueName":"search_term_string"}}],"inLanguage":"es"}]}},"_links":{"self":[{"href":"https:\/\/www.monroeridesolutions.com\/es\/wp-json\/wp\/v2\/product\/1873","targetHints":{"allow":["GET"]}}],"collection":[{"href":"https:\/\/www.monroeridesolutions.com\/es\/wp-json\/wp\/v2\/product"}],"about":[{"href":"https:\/\/www.monroeridesolutions.com\/es\/wp-json\/wp\/v2\/types\/product"}],"wp:featuredmedia":[{"embeddable":true,"href":"https:\/\/www.monroeridesolutions.com\/es\/wp-json\/wp\/v2\/media\/216"}],"wp:attachment":[{"href":"https:\/\/www.monroeridesolutions.com\/es\/wp-json\/wp\/v2\/media?parent=1873"}],"curies":[{"name":"wp","href":"https:\/\/api.w.org\/{rel}","templated":true}]}}