{"id":1734,"date":"2023-05-22T13:32:22","date_gmt":"2023-05-22T11:32:22","guid":{"rendered":"https:\/\/mis.saturn.lws-servers.be\/?post_type=product&#038;p=1734"},"modified":"2026-01-09T09:19:41","modified_gmt":"2026-01-09T08:19:41","slug":"1734","status":"publish","type":"product","link":"https:\/\/www.monroeridesolutions.com\/fr\/products\/1734\/","title":{"rendered":"CVSA2"},"content":{"rendered":"<p>La toute derni\u00e8re g\u00e9n\u00e9ration de notre technologie l\u00e9g\u00e8re et semi-active am\u00e9liore les performances des supercars et des SUV.<\/p>\n","protected":false},"featured_media":213,"template":"","meta":{"_acf_changed":false,"inline_featured_image":false},"class_list":["post-1734","product","type-product","status-publish","has-post-thumbnail","hentry","solution-damping-solutions-fr"],"acf":[],"yoast_head":"<!-- This site is optimized with the Yoast SEO plugin v27.3 - https:\/\/yoast.com\/product\/yoast-seo-wordpress\/ -->\n<title>CVSA2 - Monroe Intelligent Suspensions<\/title>\n<meta name=\"robots\" content=\"index, follow, max-snippet:-1, max-image-preview:large, max-video-preview:-1\" \/>\n<link rel=\"canonical\" href=\"https:\/\/www.monroeridesolutions.com\/fr\/products\/1734\/\" \/>\n<meta property=\"og:locale\" content=\"fr_FR\" \/>\n<meta property=\"og:type\" content=\"article\" \/>\n<meta property=\"og:title\" content=\"CVSA2 - Monroe Intelligent Suspensions\" \/>\n<meta property=\"og:description\" content=\"La toute derni\u00e8re g\u00e9n\u00e9ration de notre technologie l\u00e9g\u00e8re et semi-active am\u00e9liore les performances des supercars et des SUV.\" \/>\n<meta property=\"og:url\" content=\"https:\/\/www.monroeridesolutions.com\/fr\/products\/1734\/\" \/>\n<meta property=\"og:site_name\" content=\"Monroe Intelligent Suspensions\" \/>\n<meta property=\"article:modified_time\" content=\"2026-01-09T08:19:41+00:00\" \/>\n<meta property=\"og:image\" content=\"https:\/\/www.monroeridesolutions.com\/wp-content\/uploads\/2023\/05\/mis-product-cvsa2.jpg\" \/>\n\t<meta property=\"og:image:width\" content=\"541\" \/>\n\t<meta property=\"og:image:height\" content=\"470\" \/>\n\t<meta property=\"og:image:type\" content=\"image\/jpeg\" \/>\n<meta name=\"twitter:card\" content=\"summary_large_image\" \/>\n<meta name=\"twitter:label1\" content=\"Dur\u00e9e de lecture estim\u00e9e\" \/>\n\t<meta name=\"twitter:data1\" content=\"3 minutes\" \/>\n<script type=\"application\/ld+json\" class=\"yoast-schema-graph\">{\"@context\":\"https:\\\/\\\/schema.org\",\"@graph\":[{\"@type\":\"WebPage\",\"@id\":\"https:\\\/\\\/www.monroeridesolutions.com\\\/fr\\\/products\\\/1734\\\/\",\"url\":\"https:\\\/\\\/www.monroeridesolutions.com\\\/fr\\\/products\\\/1734\\\/\",\"name\":\"CVSA2 - Monroe Intelligent Suspensions\",\"isPartOf\":{\"@id\":\"https:\\\/\\\/www.monroeridesolutions.com\\\/fr\\\/#website\"},\"primaryImageOfPage\":{\"@id\":\"https:\\\/\\\/www.monroeridesolutions.com\\\/fr\\\/products\\\/1734\\\/#primaryimage\"},\"image\":{\"@id\":\"https:\\\/\\\/www.monroeridesolutions.com\\\/fr\\\/products\\\/1734\\\/#primaryimage\"},\"thumbnailUrl\":\"https:\\\/\\\/www.monroeridesolutions.com\\\/wp-content\\\/uploads\\\/2023\\\/05\\\/mis-product-cvsa2.jpg\",\"datePublished\":\"2023-05-22T11:32:22+00:00\",\"dateModified\":\"2026-01-09T08:19:41+00:00\",\"breadcrumb\":{\"@id\":\"https:\\\/\\\/www.monroeridesolutions.com\\\/fr\\\/products\\\/1734\\\/#breadcrumb\"},\"inLanguage\":\"fr-FR\",\"potentialAction\":[{\"@type\":\"ReadAction\",\"target\":[\"https:\\\/\\\/www.monroeridesolutions.com\\\/fr\\\/products\\\/1734\\\/\"]}]},{\"@type\":\"ImageObject\",\"inLanguage\":\"fr-FR\",\"@id\":\"https:\\\/\\\/www.monroeridesolutions.com\\\/fr\\\/products\\\/1734\\\/#primaryimage\",\"url\":\"https:\\\/\\\/www.monroeridesolutions.com\\\/wp-content\\\/uploads\\\/2023\\\/05\\\/mis-product-cvsa2.jpg\",\"contentUrl\":\"https:\\\/\\\/www.monroeridesolutions.com\\\/wp-content\\\/uploads\\\/2023\\\/05\\\/mis-product-cvsa2.jpg\",\"width\":541,\"height\":470},{\"@type\":\"BreadcrumbList\",\"@id\":\"https:\\\/\\\/www.monroeridesolutions.com\\\/fr\\\/products\\\/1734\\\/#breadcrumb\",\"itemListElement\":[{\"@type\":\"ListItem\",\"position\":1,\"name\":\"Home\",\"item\":\"https:\\\/\\\/www.monroeridesolutions.com\\\/fr\\\/\"},{\"@type\":\"ListItem\",\"position\":2,\"name\":\"CVSA2\"}]},{\"@type\":\"WebSite\",\"@id\":\"https:\\\/\\\/www.monroeridesolutions.com\\\/fr\\\/#website\",\"url\":\"https:\\\/\\\/www.monroeridesolutions.com\\\/fr\\\/\",\"name\":\"Monroe Intelligent Suspensions\",\"description\":\"Monroe Intelligent Suspensions\",\"potentialAction\":[{\"@type\":\"SearchAction\",\"target\":{\"@type\":\"EntryPoint\",\"urlTemplate\":\"https:\\\/\\\/www.monroeridesolutions.com\\\/fr\\\/?s={search_term_string}\"},\"query-input\":{\"@type\":\"PropertyValueSpecification\",\"valueRequired\":true,\"valueName\":\"search_term_string\"}}],\"inLanguage\":\"fr-FR\"}]}<\/script>\n<!-- \/ Yoast SEO plugin. -->","yoast_head_json":{"title":"CVSA2 - Monroe Intelligent Suspensions","robots":{"index":"index","follow":"follow","max-snippet":"max-snippet:-1","max-image-preview":"max-image-preview:large","max-video-preview":"max-video-preview:-1"},"canonical":"https:\/\/www.monroeridesolutions.com\/fr\/products\/1734\/","og_locale":"fr_FR","og_type":"article","og_title":"CVSA2 - Monroe Intelligent Suspensions","og_description":"La toute derni\u00e8re g\u00e9n\u00e9ration de notre technologie l\u00e9g\u00e8re et semi-active am\u00e9liore les performances des supercars et des SUV.","og_url":"https:\/\/www.monroeridesolutions.com\/fr\/products\/1734\/","og_site_name":"Monroe Intelligent Suspensions","article_modified_time":"2026-01-09T08:19:41+00:00","og_image":[{"width":541,"height":470,"url":"https:\/\/www.monroeridesolutions.com\/wp-content\/uploads\/2023\/05\/mis-product-cvsa2.jpg","type":"image\/jpeg"}],"twitter_card":"summary_large_image","twitter_misc":{"Dur\u00e9e de lecture estim\u00e9e":"3 minutes"},"schema":{"@context":"https:\/\/schema.org","@graph":[{"@type":"WebPage","@id":"https:\/\/www.monroeridesolutions.com\/fr\/products\/1734\/","url":"https:\/\/www.monroeridesolutions.com\/fr\/products\/1734\/","name":"CVSA2 - Monroe Intelligent Suspensions","isPartOf":{"@id":"https:\/\/www.monroeridesolutions.com\/fr\/#website"},"primaryImageOfPage":{"@id":"https:\/\/www.monroeridesolutions.com\/fr\/products\/1734\/#primaryimage"},"image":{"@id":"https:\/\/www.monroeridesolutions.com\/fr\/products\/1734\/#primaryimage"},"thumbnailUrl":"https:\/\/www.monroeridesolutions.com\/wp-content\/uploads\/2023\/05\/mis-product-cvsa2.jpg","datePublished":"2023-05-22T11:32:22+00:00","dateModified":"2026-01-09T08:19:41+00:00","breadcrumb":{"@id":"https:\/\/www.monroeridesolutions.com\/fr\/products\/1734\/#breadcrumb"},"inLanguage":"fr-FR","potentialAction":[{"@type":"ReadAction","target":["https:\/\/www.monroeridesolutions.com\/fr\/products\/1734\/"]}]},{"@type":"ImageObject","inLanguage":"fr-FR","@id":"https:\/\/www.monroeridesolutions.com\/fr\/products\/1734\/#primaryimage","url":"https:\/\/www.monroeridesolutions.com\/wp-content\/uploads\/2023\/05\/mis-product-cvsa2.jpg","contentUrl":"https:\/\/www.monroeridesolutions.com\/wp-content\/uploads\/2023\/05\/mis-product-cvsa2.jpg","width":541,"height":470},{"@type":"BreadcrumbList","@id":"https:\/\/www.monroeridesolutions.com\/fr\/products\/1734\/#breadcrumb","itemListElement":[{"@type":"ListItem","position":1,"name":"Home","item":"https:\/\/www.monroeridesolutions.com\/fr\/"},{"@type":"ListItem","position":2,"name":"CVSA2"}]},{"@type":"WebSite","@id":"https:\/\/www.monroeridesolutions.com\/fr\/#website","url":"https:\/\/www.monroeridesolutions.com\/fr\/","name":"Monroe Intelligent Suspensions","description":"Monroe Intelligent Suspensions","potentialAction":[{"@type":"SearchAction","target":{"@type":"EntryPoint","urlTemplate":"https:\/\/www.monroeridesolutions.com\/fr\/?s={search_term_string}"},"query-input":{"@type":"PropertyValueSpecification","valueRequired":true,"valueName":"search_term_string"}}],"inLanguage":"fr-FR"}]}},"_links":{"self":[{"href":"https:\/\/www.monroeridesolutions.com\/fr\/wp-json\/wp\/v2\/product\/1734","targetHints":{"allow":["GET"]}}],"collection":[{"href":"https:\/\/www.monroeridesolutions.com\/fr\/wp-json\/wp\/v2\/product"}],"about":[{"href":"https:\/\/www.monroeridesolutions.com\/fr\/wp-json\/wp\/v2\/types\/product"}],"wp:featuredmedia":[{"embeddable":true,"href":"https:\/\/www.monroeridesolutions.com\/fr\/wp-json\/wp\/v2\/media\/213"}],"wp:attachment":[{"href":"https:\/\/www.monroeridesolutions.com\/fr\/wp-json\/wp\/v2\/media?parent=1734"}],"curies":[{"name":"wp","href":"https:\/\/api.w.org\/{rel}","templated":true}]}}